{"id":15,"date":"2021-11-21T15:14:41","date_gmt":"2021-11-21T15:14:41","guid":{"rendered":"https:\/\/kaljaasiristeily.fi\/ohjelma\/"},"modified":"2025-10-09T13:40:54","modified_gmt":"2025-10-09T11:40:54","slug":"ohjelma","status":"publish","type":"page","link":"https:\/\/kaljaasiristeily.fi\/en\/ohjelma\/","title":{"rendered":"Program"},"content":{"rendered":"<div data-elementor-type=\"wp-page\" data-elementor-id=\"15\" class=\"elementor elementor-15\">\n\t\t\t\t\t\t<div class=\"elementor-inner\">\n\t\t\t\t<div class=\"elementor-section-wrap\">\n\t\t\t\t\t\t\t\t\t<section class=\"elementor-section elementor-top-section elementor-element elementor-element-67a4102 elementor-section-boxed elementor-section-height-default elementor-section-height-default\" data-id=\"67a4102\" data-element_type=\"section\" data-settings=\"{&quot;background_background&quot;:&quot;classic&quot;}\">\n\t\t\t\t\t\t<div class=\"elementor-container elementor-column-gap-default\">\n\t\t\t\t\t\t\t<div class=\"elementor-row\">\n\t\t\t\t\t<div class=\"elementor-column elementor-col-100 elementor-top-column elementor-element elementor-element-f6f9054\" data-id=\"f6f9054\" data-element_type=\"column\">\n\t\t\t<div class=\"elementor-column-wrap elementor-element-populated\">\n\t\t\t\t\t\t\t<div class=\"elementor-widget-wrap\">\n\t\t\t\t\t\t<div class=\"elementor-element elementor-element-8f5b7c3 elementor-widget elementor-widget-heading\" data-id=\"8f5b7c3\" data-element_type=\"widget\" data-widget_type=\"heading.default\">\n\t\t\t\t<div class=\"elementor-widget-container\">\n\t\t\t<h2 class=\"elementor-heading-title elementor-size-xxl\">Program<\/h2>\t\t<\/div>\n\t\t\t\t<\/div>\n\t\t\t\t\t\t<\/div>\n\t\t\t\t\t<\/div>\n\t\t<\/div>\n\t\t\t\t\t\t\t\t<\/div>\n\t\t\t\t\t<\/div>\n\t\t<\/section>\n\t\t\t\t<section class=\"elementor-section elementor-top-section elementor-element elementor-element-94f75ed elementor-section-boxed elementor-section-height-default elementor-section-height-default\" data-id=\"94f75ed\" data-element_type=\"section\" data-settings=\"{&quot;background_background&quot;:&quot;classic&quot;}\">\n\t\t\t\t\t\t<div class=\"elementor-container elementor-column-gap-default\">\n\t\t\t\t\t\t\t<div class=\"elementor-row\">\n\t\t\t\t\t<div class=\"elementor-column elementor-col-100 elementor-top-column elementor-element elementor-element-ff8649f\" data-id=\"ff8649f\" data-element_type=\"column\">\n\t\t\t<div class=\"elementor-column-wrap elementor-element-populated\">\n\t\t\t\t\t\t\t<div class=\"elementor-widget-wrap\">\n\t\t\t\t\t\t<div class=\"elementor-element elementor-element-e25aaf2 elementor-widget elementor-widget-text-editor\" data-id=\"e25aaf2\" data-element_type=\"widget\" data-widget_type=\"text-editor.default\">\n\t\t\t\t<div class=\"elementor-widget-container\">\n\t\t\t\t\t\t\t\t<div class=\"elementor-text-editor elementor-clearfix\">\n\t\t\t\t<p>Kaljaasi cruise program 2025<\/p>\t\t\t\t\t<\/div>\n\t\t\t\t\t\t<\/div>\n\t\t\t\t<\/div>\n\t\t\t\t<div class=\"elementor-element elementor-element-077e180 elementor-position-left elementor-vertical-align-top elementor-widget elementor-widget-image-box\" data-id=\"077e180\" data-element_type=\"widget\" data-widget_type=\"image-box.default\">\n\t\t\t\t<div class=\"elementor-widget-container\">\n\t\t\t<div class=\"elementor-image-box-wrapper\"><div class=\"elementor-image-box-content\"><h3 class=\"elementor-image-box-title\">Kaljaasi 2025 theme is Cosmic Cruise<\/h3><p class=\"elementor-image-box-description\">\nWelcome aboard the sparkliest party cruise of the year \u2014 join us on a journey to the stars! This year, Kaljaasi takes you on a voyage through the cosmos \u2014 towards infinity and beyond. Lift your gaze to the stars and dive into the pulse of space as the ship transforms into an intergalactic party vessel. Expect planet-blasting entertainment, dazzling and mind-blowing artists, and the best parties in the universe at sea! <br><br>\n\n\nOn Kaljaasi, it's tradition to dress according to the theme, and on Sunday, we\u2019ll host the legendary costume contest where the universe\u2019s finest outfits will be rewarded!<\/p><\/div><\/div>\t\t<\/div>\n\t\t\t\t<\/div>\n\t\t\t\t<div class=\"elementor-element elementor-element-93898a9 elementor-widget elementor-widget-text-editor\" data-id=\"93898a9\" data-element_type=\"widget\" data-widget_type=\"text-editor.default\">\n\t\t\t\t<div class=\"elementor-widget-container\">\n\t\t\t\t\t\t\t\t<div class=\"elementor-text-editor elementor-clearfix\">\n\t\t\t\t<h3>The 2025 cruise programme and schedule will be published on the Kaljaasi app<\/h3>\t\t\t\t\t<\/div>\n\t\t\t\t\t\t<\/div>\n\t\t\t\t<\/div>\n\t\t\t\t<div class=\"elementor-element elementor-element-ba763a8 elementor-position-left elementor-vertical-align-top elementor-widget elementor-widget-image-box\" data-id=\"ba763a8\" data-element_type=\"widget\" data-widget_type=\"image-box.default\">\n\t\t\t\t<div class=\"elementor-widget-container\">\n\t\t\t<div class=\"elementor-image-box-wrapper\"><figure class=\"elementor-image-box-img\"><img width=\"500\" height=\"300\" src=\"https:\/\/kaljaasiristeily.fi\/wp-content\/uploads\/2025\/10\/petrii.png\" class=\"attachment-full size-full\" alt=\"\" loading=\"lazy\" \/><\/figure><div class=\"elementor-image-box-content\"><h3 class=\"elementor-image-box-title\">Petri Nyg\u00e5rd<\/h3><p class=\"elementor-image-box-description\">Petri Nyg\u00e5rd is a Finnish rap artist and party king, known for his high-energy performances and outrageous hit songs like M\u00e4rk\u00e4\u00e4 and Selv\u00e4 p\u00e4iv\u00e4. His show guarantees wild vibes, humor, and a full-throttle attitude to life. This is a night where nothing is too crazy \u2014 Petri kicks off the party and sets the dance floor on fire!<\/p><\/div><\/div>\t\t<\/div>\n\t\t\t\t<\/div>\n\t\t\t\t<div class=\"elementor-element elementor-element-fc9ee32 elementor-position-left elementor-vertical-align-top elementor-widget elementor-widget-image-box\" data-id=\"fc9ee32\" data-element_type=\"widget\" data-widget_type=\"image-box.default\">\n\t\t\t\t<div class=\"elementor-widget-container\">\n\t\t\t<div class=\"elementor-image-box-wrapper\"><figure class=\"elementor-image-box-img\"><img width=\"500\" height=\"300\" src=\"https:\/\/kaljaasiristeily.fi\/wp-content\/uploads\/2025\/10\/costee.png\" class=\"attachment-full size-full\" alt=\"\" loading=\"lazy\" \/><\/figure><div class=\"elementor-image-box-content\"><h3 class=\"elementor-image-box-title\">Costee<\/h3><p class=\"elementor-image-box-description\">Costee is a charismatic voice in Finnish pop, known for songs that blend catchy melodies with raw, emotional lyrics. His live show delivers sensitivity, energy, and a full-throttle vibe \u2014 an irresistible recipe for an unforgettable party night!<\/p><\/div><\/div>\t\t<\/div>\n\t\t\t\t<\/div>\n\t\t\t\t<div class=\"elementor-element elementor-element-8c27ced elementor-position-left elementor-vertical-align-top elementor-widget elementor-widget-image-box\" data-id=\"8c27ced\" data-element_type=\"widget\" data-widget_type=\"image-box.default\">\n\t\t\t\t<div class=\"elementor-widget-container\">\n\t\t\t<div class=\"elementor-image-box-wrapper\"><figure class=\"elementor-image-box-img\"><img width=\"500\" height=\"300\" src=\"https:\/\/kaljaasiristeily.fi\/wp-content\/uploads\/2024\/10\/divet.jpg\" class=\"attachment-full size-full\" alt=\"\" loading=\"lazy\" \/><\/figure><div class=\"elementor-image-box-content\"><h3 class=\"elementor-image-box-title\">Divet Show<\/h3><p class=\"elementor-image-box-description\">Divet Show by Marko Vainio is known for its stunning costumes, glitter, feathers, humor, and rapid-fire character transformations that happen right before the audience\u2019s eyes. Marko seamlessly morphs from one persona to another using outfits, wigs, precise mimicry, and expressive facial micro-movements. Catch the Divet Show on both nights of Kaljaasi!<\/p><\/div><\/div>\t\t<\/div>\n\t\t\t\t<\/div>\n\t\t\t\t<div class=\"elementor-element elementor-element-8771001 elementor-position-left elementor-vertical-align-top elementor-widget elementor-widget-image-box\" data-id=\"8771001\" data-element_type=\"widget\" data-widget_type=\"image-box.default\">\n\t\t\t\t<div class=\"elementor-widget-container\">\n\t\t\t<div class=\"elementor-image-box-wrapper\"><figure class=\"elementor-image-box-img\"><img width=\"500\" height=\"300\" src=\"https:\/\/kaljaasiristeily.fi\/wp-content\/uploads\/2024\/10\/rastikierros.png\" class=\"attachment-full size-full\" alt=\"\" loading=\"lazy\" \/><\/figure><div class=\"elementor-image-box-content\"><h3 class=\"elementor-image-box-title\">Checkpoint Rally <\/h3><p class=\"elementor-image-box-description\">Get your crew together and join us for the Love Checkpoint Adventure on Sunday!\nTogether with your team, go around the checkpoints placed around the ship and complete various love-themed tasks. Your team's performance will be judged by Kaljaasi's partners. The team who scored the highest will win great exclusive prizes. \n<\/p><\/div><\/div>\t\t<\/div>\n\t\t\t\t<\/div>\n\t\t\t\t<div class=\"elementor-element elementor-element-32b966e elementor-position-left elementor-vertical-align-top elementor-widget elementor-widget-image-box\" data-id=\"32b966e\" data-element_type=\"widget\" data-widget_type=\"image-box.default\">\n\t\t\t\t<div class=\"elementor-widget-container\">\n\t\t\t<div class=\"elementor-image-box-wrapper\"><figure class=\"elementor-image-box-img\"><img width=\"500\" height=\"301\" src=\"https:\/\/kaljaasiristeily.fi\/wp-content\/uploads\/2022\/10\/kylpyla.png\" class=\"attachment-full size-full\" alt=\"\" loading=\"lazy\" \/><\/figure><div class=\"elementor-image-box-content\"><h3 class=\"elementor-image-box-title\">Spa Party<\/h3><p class=\"elementor-image-box-description\">Start the day with a relaxing jacuzzi party and wash the scents of Kaljaasi from your skin from the previous evening. DJ Johnny Ryder will play music suitable for the mood, the bar is open and the most daring of swimmers have a chance to win drink tickets. \n\n<\/p><\/div><\/div>\t\t<\/div>\n\t\t\t\t<\/div>\n\t\t\t\t<div class=\"elementor-element elementor-element-5d0ee19 elementor-position-left elementor-vertical-align-top elementor-widget elementor-widget-image-box\" data-id=\"5d0ee19\" data-element_type=\"widget\" data-widget_type=\"image-box.default\">\n\t\t\t\t<div class=\"elementor-widget-container\">\n\t\t\t<div class=\"elementor-image-box-wrapper\"><figure class=\"elementor-image-box-img\"><img width=\"500\" height=\"300\" src=\"https:\/\/kaljaasiristeily.fi\/wp-content\/uploads\/2024\/10\/pukukisa.png\" class=\"attachment-full size-full\" alt=\"\" loading=\"lazy\" \/><\/figure><div class=\"elementor-image-box-content\"><h3 class=\"elementor-image-box-title\">Costume Contest<\/h3><p class=\"elementor-image-box-description\">Kaljaasi wouldn\u2019t be complete without theme-inspired outfits. Who will take home the glory in this year\u2019s epic costume showdown? <p><\/p><p><strong>NEW! Pre-qualification: <\/strong>To enter the Kaljaasi costume contest, sign up by filling out the <a href=\"https:\/\/forms.gle\/BTrsD8RaMS24JyTT8\">registration form<\/a> no later than November 6th at 12:00. Only those who pass the pre-selection will get to shine on stage! <\/p>\n<\/p><\/div><\/div>\t\t<\/div>\n\t\t\t\t<\/div>\n\t\t\t\t<div class=\"elementor-element elementor-element-9bf8c45 elementor-position-left elementor-vertical-align-top elementor-widget elementor-widget-image-box\" data-id=\"9bf8c45\" data-element_type=\"widget\" data-widget_type=\"image-box.default\">\n\t\t\t\t<div class=\"elementor-widget-container\">\n\t\t\t<div class=\"elementor-image-box-wrapper\"><figure class=\"elementor-image-box-img\"><img width=\"500\" height=\"301\" src=\"https:\/\/kaljaasiristeily.fi\/wp-content\/uploads\/2022\/10\/darrabingo.png\" class=\"attachment-full size-full\" alt=\"\" loading=\"lazy\" \/><\/figure><div class=\"elementor-image-box-content\"><h3 class=\"elementor-image-box-title\">Hangover Bingo &amp; Quiz<\/h3><p class=\"elementor-image-box-description\">Whose hangover is horizontal and who's vertical? Kaljaasi's most legendary, driest, and enduring favorite for all begins on the trip back to Helsinki. The fastest ones will win prizes and the hungover ones can get help from the bar counter. D-A-R-R-A! --- Are you Kaljaasi's own Einstein or another great wizard? A quiz straight from the world of history, the future, and other dimensions of time. Take part alone or as a team in a playfully fun quiz. \n<\/p><\/div><\/div>\t\t<\/div>\n\t\t\t\t<\/div>\n\t\t\t\t<div class=\"elementor-element elementor-element-9607e5d elementor-position-left elementor-vertical-align-top elementor-widget elementor-widget-image-box\" data-id=\"9607e5d\" data-element_type=\"widget\" data-widget_type=\"image-box.default\">\n\t\t\t\t<div class=\"elementor-widget-container\">\n\t\t\t<div class=\"elementor-image-box-wrapper\"><figure class=\"elementor-image-box-img\"><img width=\"500\" height=\"301\" src=\"https:\/\/kaljaasiristeily.fi\/wp-content\/uploads\/2022\/10\/kaljaappro.png\" class=\"attachment-full size-full\" alt=\"\" loading=\"lazy\" \/><\/figure><div class=\"elementor-image-box-content\"><h3 class=\"elementor-image-box-title\">Kalja-Appro<\/h3><p class=\"elementor-image-box-description\">Complete the Kalja-Appro bar crawl by picking your choice of poison in the designated bars on the ship, and at the end you will receive a coverall patch as a reward. The coverall patch is a three-part patch, and it is possible to complete it by participating in Kaljaasi's Kalja-Appro each year. The appro pass is free, but everyone buys their own drinks. For each purchased drink, you get a stamp from the bartender on your appro pass. The appro passes is limited to 600 copies, so be ready to get yours.\n\n<\/p><\/div><\/div>\t\t<\/div>\n\t\t\t\t<\/div>\n\t\t\t\t<div class=\"elementor-element elementor-element-61d30fd elementor-position-left elementor-vertical-align-top elementor-widget elementor-widget-image-box\" data-id=\"61d30fd\" data-element_type=\"widget\" data-widget_type=\"image-box.default\">\n\t\t\t\t<div class=\"elementor-widget-container\">\n\t\t\t<div class=\"elementor-image-box-wrapper\"><figure class=\"elementor-image-box-img\"><img width=\"500\" height=\"300\" src=\"https:\/\/kaljaasiristeily.fi\/wp-content\/uploads\/2025\/10\/bilejuna.png\" class=\"attachment-full size-full\" alt=\"\" loading=\"lazy\" \/><\/figure><div class=\"elementor-image-box-content\"><h3 class=\"elementor-image-box-title\">Bilejuna<\/h3><p class=\"elementor-image-box-description\">Bilejuna is a top-tier professional party band that takes you on an unforgettable ride down the tracks of celebration. No sleeper cars needed on this train\u2014just a nonstop flow of the greatest hits of all time, from rock to rap, disco to pop, all brilliantly blended into one epic journey. So hop aboard and enjoy the ride!<\/p><\/div><\/div>\t\t<\/div>\n\t\t\t\t<\/div>\n\t\t\t\t<div class=\"elementor-element elementor-element-8819304 elementor-widget elementor-widget-text-editor\" data-id=\"8819304\" data-element_type=\"widget\" data-widget_type=\"text-editor.default\">\n\t\t\t\t<div class=\"elementor-widget-container\">\n\t\t\t\t\t\t\t\t<div class=\"elementor-text-editor elementor-clearfix\">\n\t\t\t\tDon't get left behind on the shore \u2013 Download the Kaljaasi app on to your phone\t\t\t\t\t<\/div>\n\t\t\t\t\t\t<\/div>\n\t\t\t\t<\/div>\n\t\t\t\t<div class=\"elementor-element elementor-element-5654566 elementor-widget elementor-widget-text-editor\" data-id=\"5654566\" data-element_type=\"widget\" data-widget_type=\"text-editor.default\">\n\t\t\t\t<div class=\"elementor-widget-container\">\n\t\t\t\t\t\t\t\t<div class=\"elementor-text-editor elementor-clearfix\">\n\t\t\t\t<p><span style=\"font-style: inherit; font-weight: inherit;\">From the app you can find the Kaljaasi program and other important information. Download the app from November 1st onwards.<br \/><\/span>The app is available in Finnish only. Please request an English program booklet at the port check-in.<\/p>\t\t\t\t\t<\/div>\n\t\t\t\t\t\t<\/div>\n\t\t\t\t<\/div>\n\t\t\t\t<div class=\"elementor-element elementor-element-243415f elementor-widget elementor-widget-image\" data-id=\"243415f\" data-element_type=\"widget\" data-widget_type=\"image.default\">\n\t\t\t\t<div class=\"elementor-widget-container\">\n\t\t\t\t\t\t\t\t<div class=\"elementor-image\">\n\t\t\t\t\t\t\t\t\t\t\t\t<img width=\"614\" height=\"450\" src=\"https:\/\/kaljaasiristeily.fi\/wp-content\/uploads\/2022\/07\/MAINOS-KaljaasiApp.png\" class=\"attachment-large size-large\" alt=\"\" loading=\"lazy\" srcset=\"https:\/\/kaljaasiristeily.fi\/wp-content\/uploads\/2022\/07\/MAINOS-KaljaasiApp.png 614w, https:\/\/kaljaasiristeily.fi\/wp-content\/uploads\/2022\/07\/MAINOS-KaljaasiApp-300x220.png 300w, https:\/\/kaljaasiristeily.fi\/wp-content\/uploads\/2022\/07\/MAINOS-KaljaasiApp-16x12.png 16w\" sizes=\"(max-width: 614px) 100vw, 614px\" \/>\t\t\t\t\t\t\t\t\t\t\t\t\t\t<\/div>\n\t\t\t\t\t\t<\/div>\n\t\t\t\t<\/div>\n\t\t\t\t\t\t<\/div>\n\t\t\t\t\t<\/div>\n\t\t<\/div>\n\t\t\t\t\t\t\t\t<\/div>\n\t\t\t\t\t<\/div>\n\t\t<\/section>\n\t\t\t\t\t\t\t\t\t<\/div>\n\t\t\t<\/div>\n\t\t\t\t\t<\/div>","protected":false},"excerpt":{"rendered":"<p>Ohjelma Kaljaasin risteilyohjelma 2025 Kaljaasin vuoden 2025 teema on Cosmic Cruise. Tervetuloa matkaamaan kanssamme t\u00e4htiin vuoden s\u00e4ihkyvimm\u00e4lle bileristeilylle! T\u00e4n\u00e4 vuonna Kaljaasi vie sinut matkalle halki kosmoksen \u2013 kohti \u00e4\u00e4rett\u00f6myytt\u00e4 ja sen yli. Nosta katseesi t\u00e4htiin ja sukella avaruuden sykkeeseen, kun laiva muuttuu galaksien v\u00e4liseksi bilealukseksi. Luvassa on planeettoja r\u00e4j\u00e4ytt\u00e4v\u00e4\u00e4 ohjelmaa, s\u00e4ihkyvi\u00e4 ja tajunnanr\u00e4j\u00e4ytt\u00e4vi\u00e4 artisteja, sek\u00e4 &hellip;<\/p>\n<p class=\"read-more\"> <a class=\"\" href=\"https:\/\/kaljaasiristeily.fi\/en\/ohjelma\/\"> <span class=\"screen-reader-text\">Program<\/span> Read More &raquo;<\/a><\/p>","protected":false},"author":5,"featured_media":0,"parent":0,"menu_order":0,"comment_status":"closed","ping_status":"closed","template":"","meta":{"site-sidebar-layout":"no-sidebar","site-content-layout":"page-builder","ast-global-header-display":"","ast-main-header-display":"","ast-hfb-above-header-display":"","ast-hfb-below-header-display":"","ast-hfb-mobile-header-display":"","site-post-title":"disabled","ast-breadcrumbs-content":"","ast-featured-img":"disabled","footer-sml-layout":"","theme-transparent-header-meta":"enabled","adv-header-id-meta":"","stick-header-meta":"","header-above-stick-meta":"","header-main-stick-meta":"","header-below-stick-meta":""},"_links":{"self":[{"href":"https:\/\/kaljaasiristeily.fi\/en\/wp-json\/wp\/v2\/pages\/15"}],"collection":[{"href":"https:\/\/kaljaasiristeily.fi\/en\/wp-json\/wp\/v2\/pages"}],"about":[{"href":"https:\/\/kaljaasiristeily.fi\/en\/wp-json\/wp\/v2\/types\/page"}],"author":[{"embeddable":true,"href":"https:\/\/kaljaasiristeily.fi\/en\/wp-json\/wp\/v2\/users\/5"}],"replies":[{"embeddable":true,"href":"https:\/\/kaljaasiristeily.fi\/en\/wp-json\/wp\/v2\/comments?post=15"}],"version-history":[{"count":102,"href":"https:\/\/kaljaasiristeily.fi\/en\/wp-json\/wp\/v2\/pages\/15\/revisions"}],"predecessor-version":[{"id":3490,"href":"https:\/\/kaljaasiristeily.fi\/en\/wp-json\/wp\/v2\/pages\/15\/revisions\/3490"}],"wp:attachment":[{"href":"https:\/\/kaljaasiristeily.fi\/en\/wp-json\/wp\/v2\/media?parent=15"}],"curies":[{"name":"wp","href":"https:\/\/api.w.org\/{rel}","templated":true}]}}